{"id":658,"date":"2024-10-31T12:21:06","date_gmt":"2024-10-31T12:21:06","guid":{"rendered":"https:\/\/eeklohotels.joinup.be\/?page_id=658"},"modified":"2024-12-04T14:46:57","modified_gmt":"2024-12-04T14:46:57","slug":"e-bike","status":"publish","type":"page","link":"https:\/\/hotelshamon.be\/de\/e-bike\/","title":{"rendered":"E-Bike"},"content":{"rendered":"<div data-elementor-type=\"wp-page\" data-elementor-id=\"658\" class=\"elementor elementor-658\" data-elementor-post-type=\"page\">\n\t\t\t\t<div class=\"elementor-element elementor-element-3c71bb2 e-flex e-con-boxed e-con e-parent\" data-id=\"3c71bb2\" data-element_type=\"container\" data-e-type=\"container\">\n\t\t\t\t\t<div class=\"e-con-inner\">\n\t\t<div class=\"elementor-element elementor-element-3d1d781 e-con-full e-flex e-con e-child\" data-id=\"3d1d781\" data-element_type=\"container\" data-e-type=\"container\">\n\t\t<div class=\"elementor-element elementor-element-f35268c e-con-full e-flex e-con e-child\" data-id=\"f35268c\" data-element_type=\"container\" data-e-type=\"container\">\n\t\t\t\t<div class=\"elementor-element elementor-element-872a127 elementor-view-default elementor-widget elementor-widget-icon\" data-id=\"872a127\" data-element_type=\"widget\" data-e-type=\"widget\" data-widget_type=\"icon.default\">\n\t\t\t\t<div class=\"elementor-widget-container\">\n\t\t\t\t\t\t\t<div class=\"elementor-icon-wrapper\">\n\t\t\t<a class=\"elementor-icon\" href=\"https:\/\/hotelshamon.be\/de\/green-key\/\">\n\t\t\t<svg xmlns=\"http:\/\/www.w3.org\/2000\/svg\" width=\"100\" height=\"100\" viewbox=\"0 0 100 100\" fill=\"none\"><path fill-rule=\"evenodd\" clip-rule=\"evenodd\" d=\"M17 50C17 31.7746 31.7746 17 50 17C68.2254 17 83 31.7746 83 50C83 68.2254 68.2254 83 50 83C31.7746 83 17 68.2254 17 50ZM15 50C15 30.67 30.67 15 50 15C69.33 15 85 30.67 85 50C85 69.33 69.33 85 50 85C30.67 85 15 69.33 15 50ZM30.7635 50.7071L37.1275 57.0711C37.518 57.4616 38.1512 57.4616 38.5417 57.0711C38.9322 56.6805 38.9322 56.0474 38.5417 55.6569L33.8848 51L70.5883 51L70.5883 49L33.8848 49L38.5417 44.3431C38.9322 43.9526 38.9322 43.3195 38.5417 42.9289C38.1511 42.5384 37.518 42.5384 37.1275 42.9289L30.7635 49.2929C30.373 49.6834 30.373 50.3166 30.7635 50.7071Z\" fill=\"#B5800E\"><\/path><\/svg>\t\t\t<\/a>\n\t\t<\/div>\n\t\t\t\t\t\t<\/div>\n\t\t\t\t<\/div>\n\t\t\t\t<div class=\"elementor-element elementor-element-f3ccec6 elementor-hidden-mobile elementor-icon-list--layout-traditional elementor-list-item-link-full_width elementor-widget elementor-widget-icon-list\" data-id=\"f3ccec6\" data-element_type=\"widget\" data-e-type=\"widget\" data-widget_type=\"icon-list.default\">\n\t\t\t\t<div class=\"elementor-widget-container\">\n\t\t\t\t\t\t\t<ul class=\"elementor-icon-list-items\">\n\t\t\t\t\t\t\t<li class=\"elementor-icon-list-item\">\n\t\t\t\t\t\t\t\t\t\t\t<a href=\"https:\/\/hotelshamon.be\/de\/green-key\/\">\n\n\t\t\t\t\t\t\t\t\t\t\t<span class=\"elementor-icon-list-text\">gr\u00fcne Taste<\/span>\n\t\t\t\t\t\t\t\t\t\t\t<\/a>\n\t\t\t\t\t\t\t\t\t<\/li>\n\t\t\t\t\t\t<\/ul>\n\t\t\t\t\t\t<\/div>\n\t\t\t\t<\/div>\n\t\t\t\t<\/div>\n\t\t<div class=\"elementor-element elementor-element-26e78a5 e-con-full e-flex e-con e-child\" data-id=\"26e78a5\" data-element_type=\"container\" data-e-type=\"container\">\n\t\t\t\t<div class=\"elementor-element elementor-element-62096ab elementor-widget elementor-widget-heading\" data-id=\"62096ab\" data-element_type=\"widget\" data-e-type=\"widget\" data-widget_type=\"heading.default\">\n\t\t\t\t<div class=\"elementor-widget-container\">\n\t\t\t\t\t<h2 class=\"elementor-heading-title elementor-size-default\">E-Bike-Verleih<\/h2>\t\t\t\t<\/div>\n\t\t\t\t<\/div>\n\t\t\t\t<div class=\"elementor-element elementor-element-07eadc1 elementor-widget elementor-widget-text-editor\" data-id=\"07eadc1\" data-element_type=\"widget\" data-e-type=\"widget\" data-widget_type=\"text-editor.default\">\n\t\t\t\t<div class=\"elementor-widget-container\">\n\t\t\t\t\t\t\t\t\t<p>Entdecken Sie das Meetjesland mit dem E-Bike!<\/p>\t\t\t\t\t\t\t\t<\/div>\n\t\t\t\t<\/div>\n\t\t\t\t<\/div>\n\t\t<div class=\"elementor-element elementor-element-45916fb e-con-full e-flex e-con e-child\" data-id=\"45916fb\" data-element_type=\"container\" data-e-type=\"container\">\n\t\t\t\t<div class=\"elementor-element elementor-element-2fabac2 elementor-view-default elementor-widget elementor-widget-icon\" data-id=\"2fabac2\" data-element_type=\"widget\" data-e-type=\"widget\" data-widget_type=\"icon.default\">\n\t\t\t\t<div class=\"elementor-widget-container\">\n\t\t\t\t\t\t\t<div class=\"elementor-icon-wrapper\">\n\t\t\t<a class=\"elementor-icon\" href=\"https:\/\/hotelshamon.be\/de\/faq\/\">\n\t\t\t<svg xmlns=\"http:\/\/www.w3.org\/2000\/svg\" width=\"100\" height=\"100\" viewbox=\"0 0 100 100\" fill=\"none\"><path fill-rule=\"evenodd\" clip-rule=\"evenodd\" d=\"M83 50C83 68.2254 68.2254 83 50 83C31.7746 83 17 68.2254 17 50C17 31.7746 31.7746 17 50 17C68.2254 17 83 31.7746 83 50ZM85 50C85 69.33 69.33 85 50 85C30.67 85 15 69.33 15 50C15 30.67 30.67 15 50 15C69.33 15 85 30.67 85 50ZM69.2365 49.2929L62.8725 42.9289C62.482 42.5384 61.8488 42.5384 61.4583 42.9289C61.0678 43.3195 61.0678 43.9526 61.4583 44.3431L66.1152 49L29.4117 49V51L66.1152 51L61.4583 55.6569C61.0678 56.0474 61.0678 56.6805 61.4583 57.0711C61.8488 57.4616 62.482 57.4616 62.8725 57.0711L69.2365 50.7071C69.627 50.3166 69.627 49.6834 69.2365 49.2929Z\" fill=\"#B5800E\"><\/path><\/svg>\t\t\t<\/a>\n\t\t<\/div>\n\t\t\t\t\t\t<\/div>\n\t\t\t\t<\/div>\n\t\t\t\t<div class=\"elementor-element elementor-element-08cdeed elementor-hidden-mobile elementor-icon-list--layout-traditional elementor-list-item-link-full_width elementor-widget elementor-widget-icon-list\" data-id=\"08cdeed\" data-element_type=\"widget\" data-e-type=\"widget\" data-widget_type=\"icon-list.default\">\n\t\t\t\t<div class=\"elementor-widget-container\">\n\t\t\t\t\t\t\t<ul class=\"elementor-icon-list-items\">\n\t\t\t\t\t\t\t<li class=\"elementor-icon-list-item\">\n\t\t\t\t\t\t\t\t\t\t\t<a href=\"https:\/\/hotelshamon.be\/de\/faq\/\">\n\n\t\t\t\t\t\t\t\t\t\t\t<span class=\"elementor-icon-list-text\">FAQ<\/span>\n\t\t\t\t\t\t\t\t\t\t\t<\/a>\n\t\t\t\t\t\t\t\t\t<\/li>\n\t\t\t\t\t\t<\/ul>\n\t\t\t\t\t\t<\/div>\n\t\t\t\t<\/div>\n\t\t\t\t<\/div>\n\t\t\t\t<\/div>\n\t\t\t\t\t<\/div>\n\t\t\t\t<\/div>\n\t\t<div class=\"elementor-element elementor-element-9088e24 e-flex e-con-boxed e-con e-parent\" data-id=\"9088e24\" data-element_type=\"container\" data-e-type=\"container\">\n\t\t\t\t\t<div class=\"e-con-inner\">\n\t\t<div class=\"elementor-element elementor-element-92b06cf e-con-full e-flex e-con e-child\" data-id=\"92b06cf\" data-element_type=\"container\" data-e-type=\"container\">\n\t\t\t\t<div class=\"elementor-element elementor-element-f626f5c elementor-widget elementor-widget-image\" data-id=\"f626f5c\" data-element_type=\"widget\" data-e-type=\"widget\" data-widget_type=\"image.default\">\n\t\t\t\t<div class=\"elementor-widget-container\">\n\t\t\t\t\t\t\t\t\t\t\t\t\t\t\t<img fetchpriority=\"high\" decoding=\"async\" width=\"772\" height=\"768\" src=\"https:\/\/hotelshamon.be\/wp-content\/uploads\/2024\/10\/Fiets-Arrangement.jpg\" class=\"attachment-full size-full wp-image-173\" alt=\"e-bike huren\" srcset=\"https:\/\/hotelshamon.be\/wp-content\/uploads\/2024\/10\/Fiets-Arrangement.jpg 772w, https:\/\/hotelshamon.be\/wp-content\/uploads\/2024\/10\/Fiets-Arrangement-300x298.jpg 300w, https:\/\/hotelshamon.be\/wp-content\/uploads\/2024\/10\/Fiets-Arrangement-150x150.jpg 150w, https:\/\/hotelshamon.be\/wp-content\/uploads\/2024\/10\/Fiets-Arrangement-768x764.jpg 768w\" sizes=\"(max-width: 772px) 100vw, 772px\" \/>\t\t\t\t\t\t\t\t\t\t\t\t\t\t\t<\/div>\n\t\t\t\t<\/div>\n\t\t\t\t<\/div>\n\t\t<div class=\"elementor-element elementor-element-e8939f6 e-con-full e-flex e-con e-child\" data-id=\"e8939f6\" data-element_type=\"container\" data-e-type=\"container\">\n\t\t\t\t<div class=\"elementor-element elementor-element-db94684 elementor-widget-divider--view-line elementor-widget elementor-widget-divider\" data-id=\"db94684\" data-element_type=\"widget\" data-e-type=\"widget\" data-widget_type=\"divider.default\">\n\t\t\t\t<div class=\"elementor-widget-container\">\n\t\t\t\t\t\t\t<div class=\"elementor-divider\">\n\t\t\t<span class=\"elementor-divider-separator\">\n\t\t\t\t\t\t<\/span>\n\t\t<\/div>\n\t\t\t\t\t\t<\/div>\n\t\t\t\t<\/div>\n\t\t\t\t<div class=\"elementor-element elementor-element-1d8680e elementor-widget elementor-widget-heading\" data-id=\"1d8680e\" data-element_type=\"widget\" data-e-type=\"widget\" data-widget_type=\"heading.default\">\n\t\t\t\t<div class=\"elementor-widget-container\">\n\t\t\t\t\t<h3 class=\"elementor-heading-title elementor-size-default\">Elektrofahrradverleih<\/h3>\t\t\t\t<\/div>\n\t\t\t\t<\/div>\n\t\t\t\t<div class=\"elementor-element elementor-element-5ce110d elementor-widget elementor-widget-text-editor\" data-id=\"5ce110d\" data-element_type=\"widget\" data-e-type=\"widget\" data-widget_type=\"text-editor.default\">\n\t\t\t\t<div class=\"elementor-widget-container\">\n\t\t\t\t\t\t\t\t\t<p>Das Meetjesland ist eine fantastische Region, die man mit dem Fahrrad erkunden kann. Mieten Sie eines unserer E-Bikes bei uns und erkunden Sie unsere sch\u00f6ne Region ohne l\u00e4stiges Schleppen von Fahrr\u00e4dern.Die Region ist der perfekte Ausgangspunkt f\u00fcr sch\u00f6ne Radtouren. Sie k\u00f6nnen B\u00e4che, W\u00e4lder, Polder, weite Fl\u00e4chen und Ruhe genie\u00dfen.Wir versorgen Sie gerne mit unseren Radtouren und Tipps!<\/p><p>Tipp: Die Nachfrage nach unseren E-Bikes ist sehr gro\u00df: Buchen Sie Ihre R\u00e4der im Voraus, um die Verf\u00fcgbarkeit zu gew\u00e4hrleisten!Aufgrund des gro\u00dfen Erfolgs stehen die R\u00e4der nur unseren Hotelg\u00e4sten zur Verf\u00fcgung.<\/p>\t\t\t\t\t\t\t\t<\/div>\n\t\t\t\t<\/div>\n\t\t\t\t<div class=\"elementor-element elementor-element-fa34970 elementor-widget-divider--view-line elementor-widget elementor-widget-divider\" data-id=\"fa34970\" data-element_type=\"widget\" data-e-type=\"widget\" data-widget_type=\"divider.default\">\n\t\t\t\t<div class=\"elementor-widget-container\">\n\t\t\t\t\t\t\t<div class=\"elementor-divider\">\n\t\t\t<span class=\"elementor-divider-separator\">\n\t\t\t\t\t\t<\/span>\n\t\t<\/div>\n\t\t\t\t\t\t<\/div>\n\t\t\t\t<\/div>\n\t\t\t\t<\/div>\n\t\t\t\t\t<\/div>\n\t\t\t\t<\/div>\n\t\t<div class=\"elementor-element elementor-element-0e4afc3 e-flex e-con-boxed e-con e-parent\" data-id=\"0e4afc3\" data-element_type=\"container\" data-e-type=\"container\">\n\t\t\t\t\t<div class=\"e-con-inner\">\n\t\t<div class=\"elementor-element elementor-element-cbecf18 e-con-full e-flex e-con e-child\" data-id=\"cbecf18\" data-element_type=\"container\" data-e-type=\"container\">\n\t\t\t\t<div class=\"elementor-element elementor-element-c742e7d elementor-widget-divider--view-line elementor-widget elementor-widget-divider\" data-id=\"c742e7d\" data-element_type=\"widget\" data-e-type=\"widget\" data-widget_type=\"divider.default\">\n\t\t\t\t<div class=\"elementor-widget-container\">\n\t\t\t\t\t\t\t<div class=\"elementor-divider\">\n\t\t\t<span class=\"elementor-divider-separator\">\n\t\t\t\t\t\t<\/span>\n\t\t<\/div>\n\t\t\t\t\t\t<\/div>\n\t\t\t\t<\/div>\n\t\t\t\t<div class=\"elementor-element elementor-element-bee96f4 elementor-widget elementor-widget-heading\" data-id=\"bee96f4\" data-element_type=\"widget\" data-e-type=\"widget\" data-widget_type=\"heading.default\">\n\t\t\t\t<div class=\"elementor-widget-container\">\n\t\t\t\t\t<h3 class=\"elementor-heading-title elementor-size-default\">Praktisch<\/h3>\t\t\t\t<\/div>\n\t\t\t\t<\/div>\n\t\t\t\t<div class=\"elementor-element elementor-element-1244772 elementor-widget elementor-widget-text-editor\" data-id=\"1244772\" data-element_type=\"widget\" data-e-type=\"widget\" data-widget_type=\"text-editor.default\">\n\t\t\t\t<div class=\"elementor-widget-container\">\n\t\t\t\t\t\t\t\t\t<p>Miete: 34 \u20ac\/Tag oder 62 \u20ac\/Wochenende oder 2 Tage.<br \/>Abholung m\u00f6glich: zwischen 8.00-11.00 Uhr oder 16.00-2.00 Uhr. (Geschlossen zwischen 11 und 16 Uhr). <br \/><br \/>Ausstattung: Akku mit hoher Reichweite, Fahrradtasche und Fahrradpumpe, verstellbarer Sattel.<br \/>Beinhaltet Fahrradhilfe und Pannenhilfe, gedruckte Fahrradtipps und Routen<\/p>\t\t\t\t\t\t\t\t<\/div>\n\t\t\t\t<\/div>\n\t\t\t\t<div class=\"elementor-element elementor-element-ac905bf elementor-widget-divider--view-line elementor-widget elementor-widget-divider\" data-id=\"ac905bf\" data-element_type=\"widget\" data-e-type=\"widget\" data-widget_type=\"divider.default\">\n\t\t\t\t<div class=\"elementor-widget-container\">\n\t\t\t\t\t\t\t<div class=\"elementor-divider\">\n\t\t\t<span class=\"elementor-divider-separator\">\n\t\t\t\t\t\t<\/span>\n\t\t<\/div>\n\t\t\t\t\t\t<\/div>\n\t\t\t\t<\/div>\n\t\t\t\t<\/div>\n\t\t<div class=\"elementor-element elementor-element-6d4f391 e-con-full e-flex e-con e-child\" data-id=\"6d4f391\" data-element_type=\"container\" data-e-type=\"container\">\n\t\t\t\t<div class=\"elementor-element elementor-element-c10f423 elementor-widget elementor-widget-image\" data-id=\"c10f423\" data-element_type=\"widget\" data-e-type=\"widget\" data-widget_type=\"image.default\">\n\t\t\t\t<div class=\"elementor-widget-container\">\n\t\t\t\t\t\t\t\t\t\t\t\t\t\t\t<img decoding=\"async\" width=\"1089\" height=\"1083\" src=\"https:\/\/hotelshamon.be\/wp-content\/uploads\/2024\/10\/Fiets-Arrangement-Route.jpg\" class=\"attachment-full size-full wp-image-641\" alt=\"\" srcset=\"https:\/\/hotelshamon.be\/wp-content\/uploads\/2024\/10\/Fiets-Arrangement-Route.jpg 1089w, https:\/\/hotelshamon.be\/wp-content\/uploads\/2024\/10\/Fiets-Arrangement-Route-300x298.jpg 300w, https:\/\/hotelshamon.be\/wp-content\/uploads\/2024\/10\/Fiets-Arrangement-Route-1024x1018.jpg 1024w, https:\/\/hotelshamon.be\/wp-content\/uploads\/2024\/10\/Fiets-Arrangement-Route-150x150.jpg 150w, https:\/\/hotelshamon.be\/wp-content\/uploads\/2024\/10\/Fiets-Arrangement-Route-768x764.jpg 768w\" sizes=\"(max-width: 1089px) 100vw, 1089px\" \/>\t\t\t\t\t\t\t\t\t\t\t\t\t\t\t<\/div>\n\t\t\t\t<\/div>\n\t\t\t\t<\/div>\n\t\t\t\t\t<\/div>\n\t\t\t\t<\/div>\n\t\t<div class=\"elementor-element elementor-element-e219934 e-flex e-con-boxed e-con e-parent\" data-id=\"e219934\" data-element_type=\"container\" data-e-type=\"container\">\n\t\t\t\t\t<div class=\"e-con-inner\">\n\t\t<div class=\"elementor-element elementor-element-e56dc4e e-con-full e-flex e-con e-child\" data-id=\"e56dc4e\" data-element_type=\"container\" data-e-type=\"container\">\n\t\t\t\t<div class=\"elementor-element elementor-element-2f65f6c elementor-widget elementor-widget-image\" data-id=\"2f65f6c\" data-element_type=\"widget\" data-e-type=\"widget\" data-widget_type=\"image.default\">\n\t\t\t\t<div class=\"elementor-widget-container\">\n\t\t\t\t\t\t\t\t\t\t\t\t\t\t\t<img decoding=\"async\" width=\"1920\" height=\"1083\" src=\"https:\/\/hotelshamon.be\/wp-content\/uploads\/2024\/10\/Wandel-Arrangement-Kreek.jpg\" class=\"attachment-full size-full wp-image-634\" alt=\"\" srcset=\"https:\/\/hotelshamon.be\/wp-content\/uploads\/2024\/10\/Wandel-Arrangement-Kreek.jpg 1920w, https:\/\/hotelshamon.be\/wp-content\/uploads\/2024\/10\/Wandel-Arrangement-Kreek-300x169.jpg 300w, https:\/\/hotelshamon.be\/wp-content\/uploads\/2024\/10\/Wandel-Arrangement-Kreek-1024x578.jpg 1024w, https:\/\/hotelshamon.be\/wp-content\/uploads\/2024\/10\/Wandel-Arrangement-Kreek-768x433.jpg 768w, https:\/\/hotelshamon.be\/wp-content\/uploads\/2024\/10\/Wandel-Arrangement-Kreek-1536x866.jpg 1536w\" sizes=\"(max-width: 1920px) 100vw, 1920px\" \/>\t\t\t\t\t\t\t\t\t\t\t\t\t\t\t<\/div>\n\t\t\t\t<\/div>\n\t\t\t\t<\/div>\n\t\t<div class=\"elementor-element elementor-element-b35eb04 e-con-full e-flex e-con e-child\" data-id=\"b35eb04\" data-element_type=\"container\" data-e-type=\"container\">\n\t\t\t\t<div class=\"elementor-element elementor-element-d76a9a2 elementor-widget-divider--view-line elementor-widget elementor-widget-divider\" data-id=\"d76a9a2\" data-element_type=\"widget\" data-e-type=\"widget\" data-widget_type=\"divider.default\">\n\t\t\t\t<div class=\"elementor-widget-container\">\n\t\t\t\t\t\t\t<div class=\"elementor-divider\">\n\t\t\t<span class=\"elementor-divider-separator\">\n\t\t\t\t\t\t<\/span>\n\t\t<\/div>\n\t\t\t\t\t\t<\/div>\n\t\t\t\t<\/div>\n\t\t\t\t<div class=\"elementor-element elementor-element-d1cdac1 elementor-widget elementor-widget-heading\" data-id=\"d1cdac1\" data-element_type=\"widget\" data-e-type=\"widget\" data-widget_type=\"heading.default\">\n\t\t\t\t<div class=\"elementor-widget-container\">\n\t\t\t\t\t<h3 class=\"elementor-heading-title elementor-size-default\">Inspiration<\/h3>\t\t\t\t<\/div>\n\t\t\t\t<\/div>\n\t\t\t\t<div class=\"elementor-element elementor-element-0502142 elementor-widget elementor-widget-text-editor\" data-id=\"0502142\" data-element_type=\"widget\" data-e-type=\"widget\" data-widget_type=\"text-editor.default\">\n\t\t\t\t<div class=\"elementor-widget-container\">\n\t\t\t\t\t\t\t\t\t<p>Suchen Sie bereits nach Inspiration?<br \/>Dann sollten Sie sich die folgenden Websites ansehen:<\/p><p><a href=\"https:\/\/www.meetjesland.be\/fietsen\" target=\"_blank\" rel=\"noopener\">https:\/\/www.meetjesland.be\/fietsen<\/a><br \/><a href=\"https:\/\/visit.eeklo.be\/fiets\" target=\"_blank\" rel=\"noopener\">https:\/\/visit.eeklo.be\/fiets<\/a> <br \/><a href=\"https:\/\/www.routen.be\/fietsroutes\" target=\"_blank\" rel=\"noopener\">https:\/\/www.routen.be\/fietsroutes<\/a> (Meetjesland ausw\u00e4hlen)<\/p><p>Sie suchen ein normales Fahrrad? <br \/>Auch hier k\u00f6nnen wir helfen. <br \/>Diese m\u00fcssen nicht im Voraus gebucht werden.<\/p>\t\t\t\t\t\t\t\t<\/div>\n\t\t\t\t<\/div>\n\t\t\t\t<div class=\"elementor-element elementor-element-c9ef18b elementor-widget-divider--view-line elementor-widget elementor-widget-divider\" data-id=\"c9ef18b\" data-element_type=\"widget\" data-e-type=\"widget\" data-widget_type=\"divider.default\">\n\t\t\t\t<div class=\"elementor-widget-container\">\n\t\t\t\t\t\t\t<div class=\"elementor-divider\">\n\t\t\t<span class=\"elementor-divider-separator\">\n\t\t\t\t\t\t<\/span>\n\t\t<\/div>\n\t\t\t\t\t\t<\/div>\n\t\t\t\t<\/div>\n\t\t\t\t<\/div>\n\t\t\t\t\t<\/div>\n\t\t\t\t<\/div>\n\t\t\t\t<\/div>","protected":false},"excerpt":{"rendered":"<p>green key E-bike huren Ontdek het Meetjesland per E-bike! FAQ Verhuur elektrische fietsen Het Meetjesland is een fantastische regio om met de fiets te verkennen. Huur bij ons \u00e9\u00e9n van onze e-bikes en begin onze mooie streek te verkennen zonder zorgen en gesleur van fietsen.\u2028 De streek is de perfecte uitvalsbasis om mooie fietstochten te [&hellip;]<\/p>\n","protected":false},"author":1,"featured_media":0,"parent":0,"menu_order":0,"comment_status":"closed","ping_status":"closed","template":"","meta":{"footnotes":""},"class_list":["post-658","page","type-page","status-publish","hentry"],"_links":{"self":[{"href":"https:\/\/hotelshamon.be\/de\/wp-json\/wp\/v2\/pages\/658","targetHints":{"allow":["GET"]}}],"collection":[{"href":"https:\/\/hotelshamon.be\/de\/wp-json\/wp\/v2\/pages"}],"about":[{"href":"https:\/\/hotelshamon.be\/de\/wp-json\/wp\/v2\/types\/page"}],"author":[{"embeddable":true,"href":"https:\/\/hotelshamon.be\/de\/wp-json\/wp\/v2\/users\/1"}],"replies":[{"embeddable":true,"href":"https:\/\/hotelshamon.be\/de\/wp-json\/wp\/v2\/comments?post=658"}],"version-history":[{"count":37,"href":"https:\/\/hotelshamon.be\/de\/wp-json\/wp\/v2\/pages\/658\/revisions"}],"predecessor-version":[{"id":1584,"href":"https:\/\/hotelshamon.be\/de\/wp-json\/wp\/v2\/pages\/658\/revisions\/1584"}],"wp:attachment":[{"href":"https:\/\/hotelshamon.be\/de\/wp-json\/wp\/v2\/media?parent=658"}],"curies":[{"name":"wp","href":"https:\/\/api.w.org\/{rel}","templated":true}]}}